{"id":14849,"date":"2024-09-12T20:22:43","date_gmt":"2024-09-12T19:22:43","guid":{"rendered":"https:\/\/academicfamilies.com\/universidades\/"},"modified":"2026-02-24T15:43:14","modified_gmt":"2026-02-24T15:43:14","slug":"universidades","status":"publish","type":"page","link":"https:\/\/academicfamilies.com\/es\/universidades\/","title":{"rendered":"Universidades"},"content":{"rendered":"\n<h1>\n Admisiones para universidades en el Reino Unido <\/h1>\n El Reino Unido es famoso por la alta calidad de su sistema educativo.<br>Pero con tantos cursos e instituciones fant\u00e1sticos, \u00bfc\u00f3mo decidir cu\u00e1l es el adecuado para ti?\n\t\t\t<a href=\"https:\/\/academicfamilies.com\/es\/universidades\/#contact\" target=\"_self\">\n Consulta con nuestros expertos\n\t\t\t\t\t<\/a>\n<h2>\n Encuentra la universidad que mejor se adapte a tu futuro <\/h2>\n\t<p>Hay m\u00e1s de 280 instituciones de educaci\u00f3n superior en el Reino Unido que ofrecen una amplia gama de cursos, desde universidades que otorgan t\u00edtulos de licenciatura y posgrado hasta colegios especializados que imparten programas vocacionales y de formaci\u00f3n b\u00e1sica.<\/p>\n<p>\u00bfQu\u00e9 curso e instituci\u00f3n son los m\u00e1s adecuados para ti?<\/p>\n<p>Nuestro equipo trabaja con diversas universidades del Reino Unido y puede ayudarte a encontrar la instituci\u00f3n en la que puedas crecer acad\u00e9mica y personalmente.<\/p>\n<h2>\n Nuestro proceso de 6 pasos para admisiones en universidades del Reino Unido <\/h2>\n\t\t\t\t\t\t<h5>1. Cont\u00e1ctanos<\/h5>\n\t\t\t<p>Rellene nuestro <strong><a href=\"#contact\">formulario de contacto.<\/a><\/strong><\/p>\n\t\t\t\t\t\t<h5>2. Queremos conocerte<\/h5>\n\t\t\t<p>Uno de nuestros especialistas en admisiones universitarias programar\u00e1 una videollamada contigo para revisar tu inscripci\u00f3n. Abordaremos dos temas principales: <\/p>\n<p>Lo basico<\/p>\n<ul>\n<li>Te explicamos el proceso de selecci\u00f3n y solicitud de admisi\u00f3n universitaria del Reino Unido.<\/li>\n<li>Te conocemos, tus puntos fuertes, tu personalidad y tus necesidades acad\u00e9micas.<\/li>\n<li>Deber\u00e1s empezar a reunir documentos oficiales, como tu pasaporte y declaraciones de garant\u00eda financiera.<\/li>\n<\/ul>\n<p>Historial acad\u00e9mico<\/p>\n<ul>\n<li>Puedes subir los informes escolares recientes a nuestro portal en l\u00ednea seguro para que los revisemos.<\/li>\n<li>Es posible que te pidan que realices un examen preliminar de nivel de ingl\u00e9s o que compartas tu puntuaci\u00f3n de un examen reciente (IELTS, TOEFL, DuoLingo).<\/li>\n<\/ul>\n\t\t\t\t\t\t<h5>3. Encontrar las instituciones adecuadas para ti<\/h5>\n\t\t\t<p>Seleccionamos cuidadosamente las instituciones de educaci\u00f3n superior (IES) que mejor se ajustan a tu perfil y requisitos.<\/p>\n<p>Juntos, analizaremos las opciones disponibles y, si es necesario, modificaremos nuestras sugerencias.<\/p>\n<p>Tu lista final incluir\u00e1 cinco instituciones de educaci\u00f3n superior a las que podr\u00e1s solicitar el ingreso. Como alternativa, es posible que te recomendemos un programa de preparaci\u00f3n (tambi\u00e9n conocido como A\u00f1o Internacional de Fundaci\u00f3n) para facilitar tu acceso a la educaci\u00f3n superior en el Reino Unido. <\/p>\n\t\t\t\t\t\t<h5>4. Solicitudes y preparaci\u00f3n de entrevistas<\/h5>\n\t\t\t<p>La solicitud se realiza a trav\u00e9s del sistema UCAS (Universities and Colleges Admissions Services).<\/p>\n<p>Te ofrecemos consejos y sesiones pr\u00e1cticas para que te prepares para cualquier entrevista de valoraci\u00f3n con las instituciones que hayas elegido o para tu entrevista de visado. <a href=\"https:\/\/academicfamilies.com\/admissions-higher-education\/services\/\">M\u00e1s informaci\u00f3n sobre nuestros servicios.<\/a><\/p>\n\t\t\t\t\t\t<h5>5. Propuestas y aceptaci\u00f3n<\/h5>\n\t\t\t<p>A medida que recibas propuestas, te ayudaremos a analizarlas y a confirmar tu universidad preferida. Si necesitas solicitar admisi\u00f3n en otras universidades mediante el proceso Extra o Clearing, continuaremos ofreci\u00e9ndote nuestro apoyo y orientaci\u00f3n. <\/p>\n<p>Tambi\u00e9n te recordaremos las fechas l\u00edmite para que puedas informar a las instituciones de tus decisiones a tiempo y organizar los pagos del dep\u00f3sito de matr\u00edcula. <\/p>\n\t\t\t\t\t\t<h5>6. Visa de estudiante, \u00faltimos pasos y preparativos para el viaje<\/h5>\n\t\t\t<p>Puedes solicitar tu visa de estudiante seis meses antes de la fecha de inicio del curso, o antes si los tiempos de espera son excesivos. Estamos a tu disposici\u00f3n si necesitas ayuda con el proceso de solicitud de la visa y la preparaci\u00f3n de la entrevista para obtenerla. <\/p>\n<p>Antes de comenzar en la universidad que hayas elegido, podemos ayudarte a organizar tu alojamiento y el traslado al Reino Unido a tu nuevo hogar.<\/p>\n<p>Welcome to your new student life!<\/p>\n\t<h2>\n Exalumnos de Academic Families en universidades del Reino Unido <\/h2>\n\t<p>Nuestros alumnos se han graduado en los mejores boarding schools (internados) del Reino Unido y han pasado a formar parte de las mejores instituciones de educaci\u00f3n superior brit\u00e1nicas, como las que se muestran a continuaci\u00f3n.<\/p>\n<h3>\n Creando un plan en torno a tus objetivos educativos <\/h3>\n\t<p>Podemos ayudarte cuando est\u00e9s listo, aunque lo ideal es comenzar la b\u00fasqueda 18 meses antes de la fecha prevista para empezar la universidad.<\/p>\n<p>Una vez que sepamos lo que buscas, prepararemos tu plan personalizado. \u00a1Da el primer paso y cont\u00e1ctanos hoy mismo! <\/p>\n\t\t\t<a href=\"https:\/\/academicfamilies.com\/es\/universidades\/#contact\" target=\"_self\">\n Pide tu plan personalizado\n\t\t\t<\/a>\n<h2>\n Asistencia personalizada para admisiones universitarias en el Reino Unido <\/h2>\n\t\n\t\t\t\t\t\t<script>\n\t\t\t\t\t\t\twindow.hsFormsOnReady = window.hsFormsOnReady || [];\n\t\t\t\t\t\t\twindow.hsFormsOnReady.push(()=>{\n\t\t\t\t\t\t\t\thbspt.forms.create({\n\t\t\t\t\t\t\t\t\tportalId: 26942560,\n\t\t\t\t\t\t\t\t\tformId: \"5f2ba6e2-08b8-4b2f-af7b-fd63605c7b88\",\n\t\t\t\t\t\t\t\t\ttarget: \"#hbspt-form-1777744486000-9218609570\",\n\t\t\t\t\t\t\t\t\tregion: \"eu1\",\n\t\t\t\t\t\t\t\t\t\n\t\t\t\t\t\t\t})});\n\t\t\t\t\t\t<\/script>\n\t\t\t\t\t\t<div class=\"hbspt-form\" id=\"hbspt-form-1777744486000-9218609570\"><\/div>\n\n","protected":false},"excerpt":{"rendered":"<p>Admisiones para universidades en el Reino Unido El Reino Unido es famoso por la alta calidad de su sistema educativo.Pero con tantos cursos e instituciones<\/p>\n","protected":false},"author":5,"featured_media":0,"parent":0,"menu_order":0,"comment_status":"closed","ping_status":"closed","template":"","meta":{"_acf_changed":false,"content-type":"","_relevanssi_hide_post":"","_relevanssi_hide_content":"","_relevanssi_pin_for_all":"","_relevanssi_pin_keywords":"","_relevanssi_unpin_keywords":"","_relevanssi_related_keywords":"","_relevanssi_related_include_ids":"","_relevanssi_related_exclude_ids":"","_relevanssi_related_no_append":"","_relevanssi_related_not_related":"","_relevanssi_related_posts":"","_relevanssi_noindex_reason":"","footnotes":""},"class_list":["post-14849","page","type-page","status-publish","hentry"],"acf":[],"yoast_head":"<!-- This site is optimized with the Yoast SEO Premium plugin v27.5 (Yoast SEO v27.5) - https:\/\/yoast.com\/product\/yoast-seo-premium-wordpress\/ -->\n<title>Universidades - Academic Families<\/title>\n<meta name=\"description\" content=\"\u00bfCu\u00e1les son las mejores universidades brit\u00e1nicas a las que puedo aplicar? Podemos ayudarte en el proceso de selecci\u00f3n y admisi\u00f3n para acceder a una educaci\u00f3n superior de calidad en el Reino Unido.\" \/>\n<meta name=\"robots\" content=\"index, follow, max-snippet:-1, max-image-preview:large, max-video-preview:-1\" \/>\n<link rel=\"canonical\" href=\"https:\/\/academicfamilies.com\/es\/universidades\/\" \/>\n<meta property=\"og:locale\" content=\"es_ES\" \/>\n<meta property=\"og:type\" content=\"article\" \/>\n<meta property=\"og:title\" content=\"Universidades\" \/>\n<meta property=\"og:description\" content=\"\u00bfCu\u00e1les son las mejores universidades brit\u00e1nicas a las que puedo aplicar? Podemos ayudarte en el proceso de selecci\u00f3n y admisi\u00f3n para acceder a una educaci\u00f3n superior de calidad en el Reino Unido.\" \/>\n<meta property=\"og:url\" content=\"https:\/\/academicfamilies.com\/es\/universidades\/\" \/>\n<meta property=\"og:site_name\" content=\"Academic Families\" \/>\n<meta property=\"article:publisher\" content=\"https:\/\/www.facebook.com\/academicfamilies\/\" \/>\n<meta property=\"article:modified_time\" content=\"2026-02-24T15:43:14+00:00\" \/>\n<meta name=\"twitter:card\" content=\"summary_large_image\" \/>\n<meta name=\"twitter:site\" content=\"@acfamsuk\" \/>\n<script type=\"application\/ld+json\" class=\"yoast-schema-graph\">{\"@context\":\"https:\\\/\\\/schema.org\",\"@graph\":[{\"@type\":\"WebPage\",\"@id\":\"https:\\\/\\\/academicfamilies.com\\\/es\\\/universidades\\\/\",\"url\":\"https:\\\/\\\/academicfamilies.com\\\/es\\\/universidades\\\/\",\"name\":\"Universidades - Academic Families\",\"isPartOf\":{\"@id\":\"https:\\\/\\\/academicfamilies.com\\\/es\\\/#website\"},\"datePublished\":\"2024-09-12T19:22:43+00:00\",\"dateModified\":\"2026-02-24T15:43:14+00:00\",\"description\":\"\u00bfCu\u00e1les son las mejores universidades brit\u00e1nicas a las que puedo aplicar? Podemos ayudarte en el proceso de selecci\u00f3n y admisi\u00f3n para acceder a una educaci\u00f3n superior de calidad en el Reino Unido.\",\"breadcrumb\":{\"@id\":\"https:\\\/\\\/academicfamilies.com\\\/es\\\/universidades\\\/#breadcrumb\"},\"inLanguage\":\"es\",\"potentialAction\":[{\"@type\":\"ReadAction\",\"target\":[\"https:\\\/\\\/academicfamilies.com\\\/es\\\/universidades\\\/\"]}]},{\"@type\":\"BreadcrumbList\",\"@id\":\"https:\\\/\\\/academicfamilies.com\\\/es\\\/universidades\\\/#breadcrumb\",\"itemListElement\":[{\"@type\":\"ListItem\",\"position\":1,\"name\":\"Home\",\"item\":\"https:\\\/\\\/academicfamilies.com\\\/es\\\/\"},{\"@type\":\"ListItem\",\"position\":2,\"name\":\"Universidades\"}]},{\"@type\":\"WebSite\",\"@id\":\"https:\\\/\\\/academicfamilies.com\\\/es\\\/#website\",\"url\":\"https:\\\/\\\/academicfamilies.com\\\/es\\\/\",\"name\":\"Academic Families\",\"description\":\"UK school admissions and guardianship\",\"publisher\":{\"@id\":\"https:\\\/\\\/academicfamilies.com\\\/es\\\/#organization\"},\"potentialAction\":[{\"@type\":\"SearchAction\",\"target\":{\"@type\":\"EntryPoint\",\"urlTemplate\":\"https:\\\/\\\/academicfamilies.com\\\/es\\\/?s={search_term_string}\"},\"query-input\":{\"@type\":\"PropertyValueSpecification\",\"valueRequired\":true,\"valueName\":\"search_term_string\"}}],\"inLanguage\":\"es\"},{\"@type\":\"Organization\",\"@id\":\"https:\\\/\\\/academicfamilies.com\\\/es\\\/#organization\",\"name\":\"Academic Families\",\"url\":\"https:\\\/\\\/academicfamilies.com\\\/es\\\/\",\"logo\":{\"@type\":\"ImageObject\",\"inLanguage\":\"es\",\"@id\":\"https:\\\/\\\/academicfamilies.com\\\/es\\\/#\\\/schema\\\/logo\\\/image\\\/\",\"url\":\"https:\\\/\\\/academicfamilies.com\\\/wp-content\\\/uploads\\\/AF-Logo-Hi-Res-01.jpg\",\"contentUrl\":\"https:\\\/\\\/academicfamilies.com\\\/wp-content\\\/uploads\\\/AF-Logo-Hi-Res-01.jpg\",\"width\":1440,\"height\":509,\"caption\":\"Academic Families\"},\"image\":{\"@id\":\"https:\\\/\\\/academicfamilies.com\\\/es\\\/#\\\/schema\\\/logo\\\/image\\\/\"},\"sameAs\":[\"https:\\\/\\\/www.facebook.com\\\/academicfamilies\\\/\",\"https:\\\/\\\/x.com\\\/acfamsuk\",\"https:\\\/\\\/www.linkedin.com\\\/company\\\/academic-families\\\/\",\"https:\\\/\\\/www.instagram.com\\\/academicfamilies\\\/\",\"https:\\\/\\\/www.youtube.com\\\/channel\\\/UCfIDTgKcBQbJZV-52RfPJUg\"]}]}<\/script>\n<!-- \/ Yoast SEO Premium plugin. -->","yoast_head_json":{"title":"Universidades - Academic Families","description":"\u00bfCu\u00e1les son las mejores universidades brit\u00e1nicas a las que puedo aplicar? Podemos ayudarte en el proceso de selecci\u00f3n y admisi\u00f3n para acceder a una educaci\u00f3n superior de calidad en el Reino Unido.","robots":{"index":"index","follow":"follow","max-snippet":"max-snippet:-1","max-image-preview":"max-image-preview:large","max-video-preview":"max-video-preview:-1"},"canonical":"https:\/\/academicfamilies.com\/es\/universidades\/","og_locale":"es_ES","og_type":"article","og_title":"Universidades","og_description":"\u00bfCu\u00e1les son las mejores universidades brit\u00e1nicas a las que puedo aplicar? Podemos ayudarte en el proceso de selecci\u00f3n y admisi\u00f3n para acceder a una educaci\u00f3n superior de calidad en el Reino Unido.","og_url":"https:\/\/academicfamilies.com\/es\/universidades\/","og_site_name":"Academic Families","article_publisher":"https:\/\/www.facebook.com\/academicfamilies\/","article_modified_time":"2026-02-24T15:43:14+00:00","twitter_card":"summary_large_image","twitter_site":"@acfamsuk","schema":{"@context":"https:\/\/schema.org","@graph":[{"@type":"WebPage","@id":"https:\/\/academicfamilies.com\/es\/universidades\/","url":"https:\/\/academicfamilies.com\/es\/universidades\/","name":"Universidades - Academic Families","isPartOf":{"@id":"https:\/\/academicfamilies.com\/es\/#website"},"datePublished":"2024-09-12T19:22:43+00:00","dateModified":"2026-02-24T15:43:14+00:00","description":"\u00bfCu\u00e1les son las mejores universidades brit\u00e1nicas a las que puedo aplicar? Podemos ayudarte en el proceso de selecci\u00f3n y admisi\u00f3n para acceder a una educaci\u00f3n superior de calidad en el Reino Unido.","breadcrumb":{"@id":"https:\/\/academicfamilies.com\/es\/universidades\/#breadcrumb"},"inLanguage":"es","potentialAction":[{"@type":"ReadAction","target":["https:\/\/academicfamilies.com\/es\/universidades\/"]}]},{"@type":"BreadcrumbList","@id":"https:\/\/academicfamilies.com\/es\/universidades\/#breadcrumb","itemListElement":[{"@type":"ListItem","position":1,"name":"Home","item":"https:\/\/academicfamilies.com\/es\/"},{"@type":"ListItem","position":2,"name":"Universidades"}]},{"@type":"WebSite","@id":"https:\/\/academicfamilies.com\/es\/#website","url":"https:\/\/academicfamilies.com\/es\/","name":"Academic Families","description":"UK school admissions and guardianship","publisher":{"@id":"https:\/\/academicfamilies.com\/es\/#organization"},"potentialAction":[{"@type":"SearchAction","target":{"@type":"EntryPoint","urlTemplate":"https:\/\/academicfamilies.com\/es\/?s={search_term_string}"},"query-input":{"@type":"PropertyValueSpecification","valueRequired":true,"valueName":"search_term_string"}}],"inLanguage":"es"},{"@type":"Organization","@id":"https:\/\/academicfamilies.com\/es\/#organization","name":"Academic Families","url":"https:\/\/academicfamilies.com\/es\/","logo":{"@type":"ImageObject","inLanguage":"es","@id":"https:\/\/academicfamilies.com\/es\/#\/schema\/logo\/image\/","url":"https:\/\/academicfamilies.com\/wp-content\/uploads\/AF-Logo-Hi-Res-01.jpg","contentUrl":"https:\/\/academicfamilies.com\/wp-content\/uploads\/AF-Logo-Hi-Res-01.jpg","width":1440,"height":509,"caption":"Academic Families"},"image":{"@id":"https:\/\/academicfamilies.com\/es\/#\/schema\/logo\/image\/"},"sameAs":["https:\/\/www.facebook.com\/academicfamilies\/","https:\/\/x.com\/acfamsuk","https:\/\/www.linkedin.com\/company\/academic-families\/","https:\/\/www.instagram.com\/academicfamilies\/","https:\/\/www.youtube.com\/channel\/UCfIDTgKcBQbJZV-52RfPJUg"]}]}},"_links":{"self":[{"href":"https:\/\/academicfamilies.com\/es\/wp-json\/wp\/v2\/pages\/14849","targetHints":{"allow":["GET"]}}],"collection":[{"href":"https:\/\/academicfamilies.com\/es\/wp-json\/wp\/v2\/pages"}],"about":[{"href":"https:\/\/academicfamilies.com\/es\/wp-json\/wp\/v2\/types\/page"}],"author":[{"embeddable":true,"href":"https:\/\/academicfamilies.com\/es\/wp-json\/wp\/v2\/users\/5"}],"replies":[{"embeddable":true,"href":"https:\/\/academicfamilies.com\/es\/wp-json\/wp\/v2\/comments?post=14849"}],"version-history":[{"count":3,"href":"https:\/\/academicfamilies.com\/es\/wp-json\/wp\/v2\/pages\/14849\/revisions"}],"predecessor-version":[{"id":14858,"href":"https:\/\/academicfamilies.com\/es\/wp-json\/wp\/v2\/pages\/14849\/revisions\/14858"}],"wp:attachment":[{"href":"https:\/\/academicfamilies.com\/es\/wp-json\/wp\/v2\/media?parent=14849"}],"curies":[{"name":"wp","href":"https:\/\/api.w.org\/{rel}","templated":true}]}}