{"id":14832,"date":"2019-05-30T14:07:44","date_gmt":"2019-05-30T13:07:44","guid":{"rendered":"https:\/\/academicfamilies.com\/admisiones-cursos-de-corta-duracion\/"},"modified":"2026-02-24T15:40:21","modified_gmt":"2026-02-24T15:40:21","slug":"admisiones-cursos-de-corta-duracion","status":"publish","type":"page","link":"https:\/\/academicfamilies.com\/es\/admisiones-cursos-de-corta-duracion\/","title":{"rendered":"Cursos de verano y de corta duraci\u00f3n"},"content":{"rendered":"\n<h1>\n Admisiones a cursos de corta duraci\u00f3n en el Reino Unido <\/h1>\n\t<p>De dos a ocho semanas, Academic Families puede ayudarte a conseguir un lugar para que tus hijos experimenten la educaci\u00f3n de un colegio brit\u00e1nico.<\/p>\n\t\t\t<a href=\"#form\" target=\"_self\">\n Cont\u00e1ctanos para hablar sobre lo que necesitas.\n\t\t\t\t\t<\/a>\n\t<h2>Cursos de corta duraci\u00f3n para las vacaciones de verano o los recesos escolares. <\/h2>\nEntendemos que, en ocasiones, los ni\u00f1os necesitan un poco de ayuda adicional antes o durante su experiencia en una boarding school (internado).<br>We are delighted to offer advice and assistance for admissions to short courses throughout the UK.<br>\n\t\t<h3>Clases de idiomas<\/h3>\t\t\t\n\t\t\t\t<p>Cursos de ingl\u00e9s para estudiantes j\u00f3venes o incluso clases particulares para los padres y familiares que vienen de visita.<\/p>\n\t\t<h3>Cursos previos al inicio del a\u00f1o acad\u00e9mico<\/h3>\t\t\t\n\t\t\t\t<p>Ideal para estudiantes que desean una introducci\u00f3n a la vida en un boarding school (internado) antes de comenzar el a\u00f1o escolar en septiembre.<\/p>\n\t\t<h3>Preparaci\u00f3n de ex\u00e1menes<\/h3>\t\t\t\n\t\t\t\t<p>Cursos de preparaci\u00f3n para ex\u00e1menes del Reino Unido en diversas materias, ofrecidos durante todo el a\u00f1o como cursos espec\u00edficos o combinados con clases particulares.<\/p>\n\t\t<h3>Cursos de verano<\/h3>\t\t\t\n\t\t\t\t<p>\u00a1Ideal para ni\u00f1os y adolescentes que quieran disfrutar de un programa organizado de vacaciones de verano centrado en aprender una nueva habilidad o simplemente divertirse!<\/p>\n\t\t\t<a href=\"https:\/\/academicfamilies.com\/short-course-application-form\/\" target=\"_self\">\n Formulario de solicitud para cursos de corta duraci\u00f3n\n\t\t\t\t\t<\/a>\n<h2>\n Cursos cortos de verano en el Reino Unido para ni\u00f1os de todas las edades. <\/h2>\n\t<p>Los cursos de corta duraci\u00f3n ofrecen excelentes oportunidades para ni\u00f1os y ni\u00f1as de todas las edades, ayud\u00e1ndolos a adquirir nuevas experiencias y habilidades. Aunque hay muchos entre los que elegir, algunos cursos pueden ser m\u00e1s adecuados que otros en funci\u00f3n de la edad y los intereses de tu hijo o hija. <\/p>\n\t\t\t\t<img decoding=\"async\" src=\"https:\/\/academicfamilies.com\/wp-content\/uploads\/academic-families-short-courses-7-10.png\" alt=\"academic-families-cursos-corta-duracion-7-10\" title=\"academic-families-cursos-corta-duracion-7-10\" itemprop=\"image\">\n\t\t<h3>De 7 a 10 a\u00f1os de edad<\/h3>\t\t\t\n\t\t\t\t<p>Para los ni\u00f1os peque\u00f1os, recomendamos cursos de dos semanas que se centren en actividades de alta energ\u00eda, como deportes o manualidades. Estos cursos cortos est\u00e1n dise\u00f1ados para mantener a los ni\u00f1os peque\u00f1os activos, comprometidos y divirti\u00e9ndose. <\/p>\n\t\t\t\t<img decoding=\"async\" src=\"https:\/\/academicfamilies.com\/wp-content\/uploads\/academic-families-short-courses-11-14.png\" alt=\"academic-families-cursos-corta-duracion-11-14\" title=\"academic-families-cursos-corta-duracion-11-14\" itemprop=\"image\">\n\t\t<h3>De 11 a 14 a\u00f1os de edad<\/h3>\t\t\t\n\t\t\t\t<p>Los preadolescentes pueden disfrutar haciendo nuevos amigos, descubriendo sus puntos fuertes y experimentando la cultura brit\u00e1nica en un curso de 2 a 4 semanas. Esto tambi\u00e9n les permite conocer la vida en un colegio del Reino Unido, lo que resulta \u00fatil para aquellos que est\u00e9n pensando en matricularse para un curso completo m\u00e1s adelante. <\/p>\n\t\t\t\t<img decoding=\"async\" src=\"https:\/\/academicfamilies.com\/wp-content\/uploads\/summer-courses-UK-boarding-schools-biology.png\" alt=\"cursos-de-verano-Reino-Unido-biologia\" title=\"cursos-de-verano-Reino-Unido-biologia\" itemprop=\"image\">\n\t\t<h3>De 15 a 17 a\u00f1os de edad<\/h3>\t\t\t\n\t\t\t\t<p>Para los adolescentes, un curso de 4 a 8 semanas puede ofrecer un aprendizaje m\u00e1s espec\u00edfico. Estos estudiantes pueden desarrollar a\u00fan m\u00e1s sus habilidades en las materias que les apasionan, prepararse para el ingreso a la universidad o conocer la vida en el Reino Unido antes de mudarse al extranjero para cursar estudios superiores. Un curso de corta duraci\u00f3n tambi\u00e9n es un excelente complemento para la solicitud de ingreso a la universidad.  <\/p>\n<h2>\n Short courses for any educational goal <\/h2>\n\t<p>Independientemente del curso que elijas, tus hijos estar\u00e1n expuestos a nuevos entornos, diferentes formas de hacer las cosas y compa\u00f1eros de todo el mundo. Esto les ayudar\u00e1 a desarrollar una mentalidad global, ampliar sus perspectivas y desarrollar habilidades sociales e independencia. <\/p>\n<p>Adem\u00e1s de los cursos de corta duraci\u00f3n basados en temas espec\u00edficos, su hijos tambi\u00e9n pueden disfrutar de una experiencia inmersiva en un colegio brit\u00e1nico durante un periodo de tiempo m\u00e1s largo, desde un trimestre hasta un a\u00f1o acad\u00e9mico completo. <a href=\"https:\/\/academicfamilies.com\/es\/admisiones-cursos-de-corta-duracion\/#form\">Cont\u00e1ctanos<\/a> para hablar sobre las opciones personalizadas para ti y tu familia.<\/p>\n\t\t\t\t\t\t<h4>Cursos de verano de introducci\u00f3n en un boarding school (internado)<\/h4>\n\t\t\t<p>Un curso de corta duraci\u00f3n introductorio es ideal para los estudiantes internacionales que se est\u00e1n preparando para asistir a un boarding school (internado) en el Reino Unido, as\u00ed como para los estudiantes que simplemente desean vivir una experiencia fant\u00e1stica durante el verano en Gran Breta\u00f1a.<\/p>\n<p>Tus hijos se alojar\u00e1n en una residencia junto con otros estudiantes internacionales y estar\u00e1n bajo la supervisi\u00f3n de un personal pastoral con amplia experiencia.<\/p>\n<p>Las clases intensivas de ingl\u00e9s son una parte importante del curso, pero los estudiantes asistir\u00e1n a clases diarias de diversas materias acad\u00e9micas. \u00a1Tambi\u00e9n habr\u00e1 muchas oportunidades para hacer turismo! <\/p>\n<p>Muchos estudiantes consideran que participar en un curso de corta duraci\u00f3n en un boarding school (internado) les permite adaptarse a la vida en el Reino Unido. Cuando comience el curso escolar, ya habr\u00e1n hecho amigos de todo el mundo y habr\u00e1n adquirido conocimientos sobre el sistema educativo brit\u00e1nico. <\/p>\n\t\t\t\t\t\t<h4>Cursos de verano de actividades y aventuras en un boarding school (internado) <\/h4>\n\t\t\t<p>\u00bfQuiere fomentar la confianza y las habilidades de liderazgo de tus hijos? Un emocionante curso de verano lleno de aventuras animar\u00e1 a tus hijos a dar lo mejor de s\u00ed mismos, al tiempo que les permitir\u00e1 divertirse mucho y hacer nuevos amigos. <\/p>\n<p>Con unas instalaciones impresionantes y profesores expertos, tus hijos podr\u00e1n participar en una gran variedad de emocionantes actividades, desde navegar y escalar hasta fotograf\u00eda y dise\u00f1o.<\/p>\n<p>Students will also be able to visit local areas and take part in organised excursions away from school grounds.<\/p>\n<p>Al finalizar su experiencia de verano, habr\u00e1n aprendido nuevas habilidades, mejorado su ingl\u00e9s y desarrollado m\u00e1s madurez y confianza.<\/p>\n\t\t\t\t\t\t<h4>Cursos acad\u00e9micos de verano en un boarding school (internado) <\/h4>\n\t\t\t<p>Cuando tu hijo(a) asista a un curso corto en Inglaterra o Escocia, tendr\u00e1 la oportunidad \u00fanica de experimentar la prestigiosa educaci\u00f3n de un colegio brit\u00e1nico. Con un fuerte enfoque en el crecimiento acad\u00e9mico y personal, y al mismo tiempo, exposici\u00f3n a la cultura brit\u00e1nica, un curso corto en el Reino Unido es una aventura de verano sin igual. <\/p>\n<p>Para los ni\u00f1os mayores y los adolescentes, un curso corto de verano les permite \u00abprobar una carrera profesional\u00bb y explorar cu\u00e1les son sus puntos fuertes seg\u00fan sus estudios acad\u00e9micos. Nuestro equipo ha seleccionado cuidadosamente las 10 materias m\u00e1s populares que conducen a solicitudes exitosas para cursos universitarios y, en \u00faltima instancia, a carreras satisfactorias, y podemos ayudar a su hijo a ser admitido en cualquiera de ellas: <\/p>\n<ol>\n<li>Medicina<\/li>\n<li>Ingenier\u00eda<\/li>\n<li>Ciencias de la computaci\u00f3n, rob\u00f3tica e IA<\/li>\n<li>Negocios y emprendimiento<\/li>\n<li>Arte y dise\u00f1o<\/li>\n<li>Arquitectura<\/li>\n<li>Leyes, pol\u00edtica y relaciones internacionales<\/li>\n<li>Finanzas, econom\u00eda y banca<\/li>\n<li>Psicolog\u00eda y ciencias sociales<\/li>\n<li>Medicina veterinaria y zoolog\u00eda<\/li>\n<\/ol>\n<p>\u00bfQuieres saber m\u00e1s? <a href=\"https:\/\/academicfamilies.com\/how-to-choose-the-best-summer-experience-for-your-child\/\">Lee nuestra gu\u00eda de tres partes sobre cursos cortos en el Reino Unido.<\/a><\/p>\n\t\t\t\t\t\t<h4>Curso de corta duraci\u00f3n en una escuela de idiomas del Reino Unido<\/h4>\n\t\t\t<p>Asistir a un curso corto especializado en una escuela de idiomas del Reino Unido ayudar\u00e1 a desarrollar las habilidades y los conocimientos que tus hijos necesitan para convertirse en hablantes y pensadores elocuentes en ingl\u00e9s.<\/p>\n<p>Los estudiantes recibir\u00e1n clases de ingl\u00e9s y vocabulario, y participar\u00e1n en proyectos en equipo y talleres dirigidos por expertos que les permitir\u00e1n poner en pr\u00e1ctica sus conocimientos ling\u00fc\u00edsticos con hablantes nativos. Los cursos tambi\u00e9n se pueden personalizar si tu hijo(a) se est\u00e1 preparando para los ex\u00e1menes IELTS o Cambridge. <\/p>\n<p>Los estudiantes internacionales que realizan un curso corto en una escuela de idiomas suelen alojarse con una familia anfitriona o en el alojamiento de la escuela. Tus hijos tendr\u00e1n muchas oportunidades para explorar los alrededores y participar en actividades divertidas con otros estudiantes internacionales. <\/p>\n\t\t\t\t\t\t<h4>Aprende ingl\u00e9s mientras vives en casa de un maestro.<\/h4>\n\t\t\t<p>Un curso de clases particulares de ingl\u00e9s en casa permitir\u00e1 a tus hijos sumergirse por completo en la vida del Reino Unido. Tus hijos ser\u00e1n bienvenidos en la casa de su maestro durante todo el curso, por lo que, incluso cuando no tengan clases, siempre estar\u00e1n aprendiendo y podr\u00e1n practicar su ingl\u00e9s en situaciones de la vida real. <\/p>\n<p>Hay una amplia variedad de cursos disponibles para satisfacer las necesidades individuales de tus hijos, incluyendo ingl\u00e9s general, preparaci\u00f3n para el examen IELTS e ingl\u00e9s acad\u00e9mico. Con una gran variedad de ubicaciones entre las que elegir, tus hijos tambi\u00e9n tendr\u00e1n la oportunidad de explorar lo mejor que el Reino Unido tiene para ofrecer. <\/p>\n<h2>\n Pr\u00f3ximos viajes para estudiantes internacionales <\/h2>\n\t<p>\u00bfBuscas otras formas de mantener a tus hijos activos durante el a\u00f1o escolar? Tambi\u00e9n organizamos una serie de viajes escolares acompa\u00f1ados cinco veces al a\u00f1o, en los que pueden participar los estudiantes internacionales de los colegios del Reino Unido. <\/p>\n\t\t\t<a href=\"https:\/\/academicfamilies.com\/escorted-half-term-trips\/\" target=\"_self\">\n Viajes de vacaciones con acompa\u00f1amiento\n\t\t\t<\/a>\n\t<h2>Realiza una consulta<\/h2>\n\t\n\t\t\t\t\t\t<script>\n\t\t\t\t\t\t\twindow.hsFormsOnReady = window.hsFormsOnReady || [];\n\t\t\t\t\t\t\twindow.hsFormsOnReady.push(()=>{\n\t\t\t\t\t\t\t\thbspt.forms.create({\n\t\t\t\t\t\t\t\t\tportalId: 26942560,\n\t\t\t\t\t\t\t\t\tformId: \"62a043c0-12ad-4846-a2bc-71ccc119095a\",\n\t\t\t\t\t\t\t\t\ttarget: \"#hbspt-form-1777305074000-0887496487\",\n\t\t\t\t\t\t\t\t\tregion: \"eu1\",\n\t\t\t\t\t\t\t\t\t\n\t\t\t\t\t\t\t})});\n\t\t\t\t\t\t<\/script>\n\t\t\t\t\t\t<div class=\"hbspt-form\" id=\"hbspt-form-1777305074000-0887496487\"><\/div>\n\n","protected":false},"excerpt":{"rendered":"<p>Admisiones a cursos de corta duraci\u00f3n en el Reino Unido De dos a ocho semanas, Academic Families puede ayudarte a conseguir un lugar para que<\/p>\n","protected":false},"author":1,"featured_media":0,"parent":0,"menu_order":0,"comment_status":"closed","ping_status":"closed","template":"","meta":{"_acf_changed":false,"content-type":"","_relevanssi_hide_post":"","_relevanssi_hide_content":"","_relevanssi_pin_for_all":"","_relevanssi_pin_keywords":"","_relevanssi_unpin_keywords":"","_relevanssi_related_keywords":"","_relevanssi_related_include_ids":"","_relevanssi_related_exclude_ids":"","_relevanssi_related_no_append":"","_relevanssi_related_not_related":"","_relevanssi_related_posts":"","_relevanssi_noindex_reason":"","footnotes":""},"class_list":["post-14832","page","type-page","status-publish","hentry"],"acf":[],"yoast_head":"<!-- This site is optimized with the Yoast SEO Premium plugin v27.4 (Yoast SEO v27.4) - https:\/\/yoast.com\/product\/yoast-seo-premium-wordpress\/ -->\n<title>Cursos de verano y de corta duraci\u00f3n - Academic Families<\/title>\n<meta name=\"description\" content=\"Desde programas de verano hasta clases de idiomas o cursos de preparaci\u00f3n para ex\u00e1menes, podemos ayudarte a encontrar y reservar una lugar en un curso de corta duraci\u00f3n en el Reino Unido, para adolescentes, ni\u00f1os y j\u00f3venes estudiantes.\" \/>\n<meta name=\"robots\" content=\"index, follow, max-snippet:-1, max-image-preview:large, max-video-preview:-1\" \/>\n<link rel=\"canonical\" href=\"https:\/\/academicfamilies.com\/es\/admisiones-cursos-de-corta-duracion\/\" \/>\n<meta property=\"og:locale\" content=\"es_ES\" \/>\n<meta property=\"og:type\" content=\"article\" \/>\n<meta property=\"og:title\" content=\"Cursos de verano y de corta duraci\u00f3n\" \/>\n<meta property=\"og:description\" content=\"Desde programas de verano hasta clases de idiomas o cursos de preparaci\u00f3n para ex\u00e1menes, podemos ayudarte a encontrar y reservar una lugar en un curso de corta duraci\u00f3n en el Reino Unido, para adolescentes, ni\u00f1os y j\u00f3venes estudiantes.\" \/>\n<meta property=\"og:url\" content=\"https:\/\/academicfamilies.com\/es\/admisiones-cursos-de-corta-duracion\/\" \/>\n<meta property=\"og:site_name\" content=\"Academic Families\" \/>\n<meta property=\"article:publisher\" content=\"https:\/\/www.facebook.com\/academicfamilies\/\" \/>\n<meta property=\"article:modified_time\" content=\"2026-02-24T15:40:21+00:00\" \/>\n<meta property=\"og:image\" content=\"https:\/\/academicfamilies.com\/wp-content\/uploads\/academic-families-short-courses-7-10.png\" \/>\n<meta name=\"twitter:card\" content=\"summary_large_image\" \/>\n<meta name=\"twitter:site\" content=\"@acfamsuk\" \/>\n<script type=\"application\/ld+json\" class=\"yoast-schema-graph\">{\"@context\":\"https:\\\/\\\/schema.org\",\"@graph\":[{\"@type\":\"WebPage\",\"@id\":\"https:\\\/\\\/academicfamilies.com\\\/es\\\/admisiones-cursos-de-corta-duracion\\\/\",\"url\":\"https:\\\/\\\/academicfamilies.com\\\/es\\\/admisiones-cursos-de-corta-duracion\\\/\",\"name\":\"Cursos de verano y de corta duraci\u00f3n - Academic Families\",\"isPartOf\":{\"@id\":\"https:\\\/\\\/academicfamilies.com\\\/es\\\/#website\"},\"primaryImageOfPage\":{\"@id\":\"https:\\\/\\\/academicfamilies.com\\\/es\\\/admisiones-cursos-de-corta-duracion\\\/#primaryimage\"},\"image\":{\"@id\":\"https:\\\/\\\/academicfamilies.com\\\/es\\\/admisiones-cursos-de-corta-duracion\\\/#primaryimage\"},\"thumbnailUrl\":\"https:\\\/\\\/academicfamilies.com\\\/wp-content\\\/uploads\\\/academic-families-short-courses-7-10.png\",\"datePublished\":\"2019-05-30T13:07:44+00:00\",\"dateModified\":\"2026-02-24T15:40:21+00:00\",\"description\":\"Desde programas de verano hasta clases de idiomas o cursos de preparaci\u00f3n para ex\u00e1menes, podemos ayudarte a encontrar y reservar una lugar en un curso de corta duraci\u00f3n en el Reino Unido, para adolescentes, ni\u00f1os y j\u00f3venes estudiantes.\",\"breadcrumb\":{\"@id\":\"https:\\\/\\\/academicfamilies.com\\\/es\\\/admisiones-cursos-de-corta-duracion\\\/#breadcrumb\"},\"inLanguage\":\"es\",\"potentialAction\":[{\"@type\":\"ReadAction\",\"target\":[\"https:\\\/\\\/academicfamilies.com\\\/es\\\/admisiones-cursos-de-corta-duracion\\\/\"]}]},{\"@type\":\"ImageObject\",\"inLanguage\":\"es\",\"@id\":\"https:\\\/\\\/academicfamilies.com\\\/es\\\/admisiones-cursos-de-corta-duracion\\\/#primaryimage\",\"url\":\"https:\\\/\\\/academicfamilies.com\\\/wp-content\\\/uploads\\\/academic-families-short-courses-7-10.png\",\"contentUrl\":\"https:\\\/\\\/academicfamilies.com\\\/wp-content\\\/uploads\\\/academic-families-short-courses-7-10.png\"},{\"@type\":\"BreadcrumbList\",\"@id\":\"https:\\\/\\\/academicfamilies.com\\\/es\\\/admisiones-cursos-de-corta-duracion\\\/#breadcrumb\",\"itemListElement\":[{\"@type\":\"ListItem\",\"position\":1,\"name\":\"Home\",\"item\":\"https:\\\/\\\/academicfamilies.com\\\/es\\\/\"},{\"@type\":\"ListItem\",\"position\":2,\"name\":\"Cursos de verano y de corta duraci\u00f3n\"}]},{\"@type\":\"WebSite\",\"@id\":\"https:\\\/\\\/academicfamilies.com\\\/es\\\/#website\",\"url\":\"https:\\\/\\\/academicfamilies.com\\\/es\\\/\",\"name\":\"Academic Families\",\"description\":\"UK school admissions and guardianship\",\"publisher\":{\"@id\":\"https:\\\/\\\/academicfamilies.com\\\/es\\\/#organization\"},\"potentialAction\":[{\"@type\":\"SearchAction\",\"target\":{\"@type\":\"EntryPoint\",\"urlTemplate\":\"https:\\\/\\\/academicfamilies.com\\\/es\\\/?s={search_term_string}\"},\"query-input\":{\"@type\":\"PropertyValueSpecification\",\"valueRequired\":true,\"valueName\":\"search_term_string\"}}],\"inLanguage\":\"es\"},{\"@type\":\"Organization\",\"@id\":\"https:\\\/\\\/academicfamilies.com\\\/es\\\/#organization\",\"name\":\"Academic Families\",\"url\":\"https:\\\/\\\/academicfamilies.com\\\/es\\\/\",\"logo\":{\"@type\":\"ImageObject\",\"inLanguage\":\"es\",\"@id\":\"https:\\\/\\\/academicfamilies.com\\\/es\\\/#\\\/schema\\\/logo\\\/image\\\/\",\"url\":\"https:\\\/\\\/academicfamilies.com\\\/wp-content\\\/uploads\\\/AF-Logo-Hi-Res-01.jpg\",\"contentUrl\":\"https:\\\/\\\/academicfamilies.com\\\/wp-content\\\/uploads\\\/AF-Logo-Hi-Res-01.jpg\",\"width\":1440,\"height\":509,\"caption\":\"Academic Families\"},\"image\":{\"@id\":\"https:\\\/\\\/academicfamilies.com\\\/es\\\/#\\\/schema\\\/logo\\\/image\\\/\"},\"sameAs\":[\"https:\\\/\\\/www.facebook.com\\\/academicfamilies\\\/\",\"https:\\\/\\\/x.com\\\/acfamsuk\",\"https:\\\/\\\/www.linkedin.com\\\/company\\\/academic-families\\\/\",\"https:\\\/\\\/www.instagram.com\\\/academicfamilies\\\/\",\"https:\\\/\\\/www.youtube.com\\\/channel\\\/UCfIDTgKcBQbJZV-52RfPJUg\"]}]}<\/script>\n<!-- \/ Yoast SEO Premium plugin. -->","yoast_head_json":{"title":"Cursos de verano y de corta duraci\u00f3n - Academic Families","description":"Desde programas de verano hasta clases de idiomas o cursos de preparaci\u00f3n para ex\u00e1menes, podemos ayudarte a encontrar y reservar una lugar en un curso de corta duraci\u00f3n en el Reino Unido, para adolescentes, ni\u00f1os y j\u00f3venes estudiantes.","robots":{"index":"index","follow":"follow","max-snippet":"max-snippet:-1","max-image-preview":"max-image-preview:large","max-video-preview":"max-video-preview:-1"},"canonical":"https:\/\/academicfamilies.com\/es\/admisiones-cursos-de-corta-duracion\/","og_locale":"es_ES","og_type":"article","og_title":"Cursos de verano y de corta duraci\u00f3n","og_description":"Desde programas de verano hasta clases de idiomas o cursos de preparaci\u00f3n para ex\u00e1menes, podemos ayudarte a encontrar y reservar una lugar en un curso de corta duraci\u00f3n en el Reino Unido, para adolescentes, ni\u00f1os y j\u00f3venes estudiantes.","og_url":"https:\/\/academicfamilies.com\/es\/admisiones-cursos-de-corta-duracion\/","og_site_name":"Academic Families","article_publisher":"https:\/\/www.facebook.com\/academicfamilies\/","article_modified_time":"2026-02-24T15:40:21+00:00","og_image":[{"url":"https:\/\/academicfamilies.com\/wp-content\/uploads\/academic-families-short-courses-7-10.png","type":"","width":"","height":""}],"twitter_card":"summary_large_image","twitter_site":"@acfamsuk","schema":{"@context":"https:\/\/schema.org","@graph":[{"@type":"WebPage","@id":"https:\/\/academicfamilies.com\/es\/admisiones-cursos-de-corta-duracion\/","url":"https:\/\/academicfamilies.com\/es\/admisiones-cursos-de-corta-duracion\/","name":"Cursos de verano y de corta duraci\u00f3n - Academic Families","isPartOf":{"@id":"https:\/\/academicfamilies.com\/es\/#website"},"primaryImageOfPage":{"@id":"https:\/\/academicfamilies.com\/es\/admisiones-cursos-de-corta-duracion\/#primaryimage"},"image":{"@id":"https:\/\/academicfamilies.com\/es\/admisiones-cursos-de-corta-duracion\/#primaryimage"},"thumbnailUrl":"https:\/\/academicfamilies.com\/wp-content\/uploads\/academic-families-short-courses-7-10.png","datePublished":"2019-05-30T13:07:44+00:00","dateModified":"2026-02-24T15:40:21+00:00","description":"Desde programas de verano hasta clases de idiomas o cursos de preparaci\u00f3n para ex\u00e1menes, podemos ayudarte a encontrar y reservar una lugar en un curso de corta duraci\u00f3n en el Reino Unido, para adolescentes, ni\u00f1os y j\u00f3venes estudiantes.","breadcrumb":{"@id":"https:\/\/academicfamilies.com\/es\/admisiones-cursos-de-corta-duracion\/#breadcrumb"},"inLanguage":"es","potentialAction":[{"@type":"ReadAction","target":["https:\/\/academicfamilies.com\/es\/admisiones-cursos-de-corta-duracion\/"]}]},{"@type":"ImageObject","inLanguage":"es","@id":"https:\/\/academicfamilies.com\/es\/admisiones-cursos-de-corta-duracion\/#primaryimage","url":"https:\/\/academicfamilies.com\/wp-content\/uploads\/academic-families-short-courses-7-10.png","contentUrl":"https:\/\/academicfamilies.com\/wp-content\/uploads\/academic-families-short-courses-7-10.png"},{"@type":"BreadcrumbList","@id":"https:\/\/academicfamilies.com\/es\/admisiones-cursos-de-corta-duracion\/#breadcrumb","itemListElement":[{"@type":"ListItem","position":1,"name":"Home","item":"https:\/\/academicfamilies.com\/es\/"},{"@type":"ListItem","position":2,"name":"Cursos de verano y de corta duraci\u00f3n"}]},{"@type":"WebSite","@id":"https:\/\/academicfamilies.com\/es\/#website","url":"https:\/\/academicfamilies.com\/es\/","name":"Academic Families","description":"UK school admissions and guardianship","publisher":{"@id":"https:\/\/academicfamilies.com\/es\/#organization"},"potentialAction":[{"@type":"SearchAction","target":{"@type":"EntryPoint","urlTemplate":"https:\/\/academicfamilies.com\/es\/?s={search_term_string}"},"query-input":{"@type":"PropertyValueSpecification","valueRequired":true,"valueName":"search_term_string"}}],"inLanguage":"es"},{"@type":"Organization","@id":"https:\/\/academicfamilies.com\/es\/#organization","name":"Academic Families","url":"https:\/\/academicfamilies.com\/es\/","logo":{"@type":"ImageObject","inLanguage":"es","@id":"https:\/\/academicfamilies.com\/es\/#\/schema\/logo\/image\/","url":"https:\/\/academicfamilies.com\/wp-content\/uploads\/AF-Logo-Hi-Res-01.jpg","contentUrl":"https:\/\/academicfamilies.com\/wp-content\/uploads\/AF-Logo-Hi-Res-01.jpg","width":1440,"height":509,"caption":"Academic Families"},"image":{"@id":"https:\/\/academicfamilies.com\/es\/#\/schema\/logo\/image\/"},"sameAs":["https:\/\/www.facebook.com\/academicfamilies\/","https:\/\/x.com\/acfamsuk","https:\/\/www.linkedin.com\/company\/academic-families\/","https:\/\/www.instagram.com\/academicfamilies\/","https:\/\/www.youtube.com\/channel\/UCfIDTgKcBQbJZV-52RfPJUg"]}]}},"_links":{"self":[{"href":"https:\/\/academicfamilies.com\/es\/wp-json\/wp\/v2\/pages\/14832","targetHints":{"allow":["GET"]}}],"collection":[{"href":"https:\/\/academicfamilies.com\/es\/wp-json\/wp\/v2\/pages"}],"about":[{"href":"https:\/\/academicfamilies.com\/es\/wp-json\/wp\/v2\/types\/page"}],"author":[{"embeddable":true,"href":"https:\/\/academicfamilies.com\/es\/wp-json\/wp\/v2\/users\/1"}],"replies":[{"embeddable":true,"href":"https:\/\/academicfamilies.com\/es\/wp-json\/wp\/v2\/comments?post=14832"}],"version-history":[{"count":6,"href":"https:\/\/academicfamilies.com\/es\/wp-json\/wp\/v2\/pages\/14832\/revisions"}],"predecessor-version":[{"id":14856,"href":"https:\/\/academicfamilies.com\/es\/wp-json\/wp\/v2\/pages\/14832\/revisions\/14856"}],"wp:attachment":[{"href":"https:\/\/academicfamilies.com\/es\/wp-json\/wp\/v2\/media?parent=14832"}],"curies":[{"name":"wp","href":"https:\/\/api.w.org\/{rel}","templated":true}]}}