{"id":14778,"date":"2019-06-10T15:51:39","date_gmt":"2019-06-10T14:51:39","guid":{"rendered":"https:\/\/academicfamilies.com\/admisiones-boarding-schools-internados\/"},"modified":"2026-02-24T15:32:43","modified_gmt":"2026-02-24T15:32:43","slug":"admisiones-boarding-schools-internados","status":"publish","type":"page","link":"https:\/\/academicfamilies.com\/es\/admisiones-boarding-schools-internados\/","title":{"rendered":"Admisiones en boarding schools (internados)"},"content":{"rendered":"","protected":false},"excerpt":{"rendered":"","protected":false},"author":5,"featured_media":0,"parent":0,"menu_order":0,"comment_status":"closed","ping_status":"closed","template":"","meta":{"_acf_changed":false,"content-type":"","_relevanssi_hide_post":"","_relevanssi_hide_content":"","_relevanssi_pin_for_all":"","_relevanssi_pin_keywords":"","_relevanssi_unpin_keywords":"","_relevanssi_related_keywords":"","_relevanssi_related_include_ids":"","_relevanssi_related_exclude_ids":"","_relevanssi_related_no_append":"","_relevanssi_related_not_related":"","_relevanssi_related_posts":"","_relevanssi_noindex_reason":"","footnotes":""},"class_list":["post-14778","page","type-page","status-publish","hentry"],"acf":[],"yoast_head":"<!-- This site is optimized with the Yoast SEO Premium plugin v27.5 (Yoast SEO v27.5) - https:\/\/yoast.com\/product\/yoast-seo-premium-wordpress\/ -->\n<title>Admisiones en boarding schools (internados) - Academic Families<\/title>\n<meta name=\"description\" content=\"\u00bfCu\u00e1l es el mejor internado brit\u00e1nico? El Reino Unido es famoso por su sistema educativo de alta calidad. \u00bfC\u00f3mo decidir cu\u00e1l es el m\u00e1s adecuado para tus hijos?\" \/>\n<meta name=\"robots\" content=\"index, follow, max-snippet:-1, max-image-preview:large, max-video-preview:-1\" \/>\n<link rel=\"canonical\" href=\"https:\/\/academicfamilies.com\/es\/admisiones-boarding-schools-internados\/\" \/>\n<meta property=\"og:locale\" content=\"es_ES\" \/>\n<meta property=\"og:type\" content=\"article\" \/>\n<meta property=\"og:title\" content=\"Admisiones en boarding schools (internados)\" \/>\n<meta property=\"og:description\" content=\"\u00bfCu\u00e1l es el mejor internado brit\u00e1nico? El Reino Unido es famoso por su sistema educativo de alta calidad. \u00bfC\u00f3mo decidir cu\u00e1l es el m\u00e1s adecuado para tus hijos?\" \/>\n<meta property=\"og:url\" content=\"https:\/\/academicfamilies.com\/es\/admisiones-boarding-schools-internados\/\" \/>\n<meta property=\"og:site_name\" content=\"Academic Families\" \/>\n<meta property=\"article:publisher\" content=\"https:\/\/www.facebook.com\/academicfamilies\/\" \/>\n<meta property=\"article:modified_time\" content=\"2026-02-24T15:32:43+00:00\" \/>\n<meta name=\"twitter:card\" content=\"summary_large_image\" \/>\n<meta name=\"twitter:site\" content=\"@acfamsuk\" \/>\n<script type=\"application\/ld+json\" class=\"yoast-schema-graph\">{\"@context\":\"https:\\\/\\\/schema.org\",\"@graph\":[{\"@type\":\"WebPage\",\"@id\":\"https:\\\/\\\/academicfamilies.com\\\/es\\\/admisiones-boarding-schools-internados\\\/\",\"url\":\"https:\\\/\\\/academicfamilies.com\\\/es\\\/admisiones-boarding-schools-internados\\\/\",\"name\":\"Admisiones en boarding schools (internados) - Academic Families\",\"isPartOf\":{\"@id\":\"https:\\\/\\\/academicfamilies.com\\\/es\\\/#website\"},\"datePublished\":\"2019-06-10T14:51:39+00:00\",\"dateModified\":\"2026-02-24T15:32:43+00:00\",\"description\":\"\u00bfCu\u00e1l es el mejor internado brit\u00e1nico? El Reino Unido es famoso por su sistema educativo de alta calidad. \u00bfC\u00f3mo decidir cu\u00e1l es el m\u00e1s adecuado para tus hijos?\",\"breadcrumb\":{\"@id\":\"https:\\\/\\\/academicfamilies.com\\\/es\\\/admisiones-boarding-schools-internados\\\/#breadcrumb\"},\"inLanguage\":\"es\",\"potentialAction\":[{\"@type\":\"ReadAction\",\"target\":[\"https:\\\/\\\/academicfamilies.com\\\/es\\\/admisiones-boarding-schools-internados\\\/\"]}]},{\"@type\":\"BreadcrumbList\",\"@id\":\"https:\\\/\\\/academicfamilies.com\\\/es\\\/admisiones-boarding-schools-internados\\\/#breadcrumb\",\"itemListElement\":[{\"@type\":\"ListItem\",\"position\":1,\"name\":\"Home\",\"item\":\"https:\\\/\\\/academicfamilies.com\\\/es\\\/\"},{\"@type\":\"ListItem\",\"position\":2,\"name\":\"Admisiones en boarding schools (internados)\"}]},{\"@type\":\"WebSite\",\"@id\":\"https:\\\/\\\/academicfamilies.com\\\/es\\\/#website\",\"url\":\"https:\\\/\\\/academicfamilies.com\\\/es\\\/\",\"name\":\"Academic Families\",\"description\":\"UK school admissions and guardianship\",\"publisher\":{\"@id\":\"https:\\\/\\\/academicfamilies.com\\\/es\\\/#organization\"},\"potentialAction\":[{\"@type\":\"SearchAction\",\"target\":{\"@type\":\"EntryPoint\",\"urlTemplate\":\"https:\\\/\\\/academicfamilies.com\\\/es\\\/?s={search_term_string}\"},\"query-input\":{\"@type\":\"PropertyValueSpecification\",\"valueRequired\":true,\"valueName\":\"search_term_string\"}}],\"inLanguage\":\"es\"},{\"@type\":\"Organization\",\"@id\":\"https:\\\/\\\/academicfamilies.com\\\/es\\\/#organization\",\"name\":\"Academic Families\",\"url\":\"https:\\\/\\\/academicfamilies.com\\\/es\\\/\",\"logo\":{\"@type\":\"ImageObject\",\"inLanguage\":\"es\",\"@id\":\"https:\\\/\\\/academicfamilies.com\\\/es\\\/#\\\/schema\\\/logo\\\/image\\\/\",\"url\":\"https:\\\/\\\/academicfamilies.com\\\/wp-content\\\/uploads\\\/AF-Logo-Hi-Res-01.jpg\",\"contentUrl\":\"https:\\\/\\\/academicfamilies.com\\\/wp-content\\\/uploads\\\/AF-Logo-Hi-Res-01.jpg\",\"width\":1440,\"height\":509,\"caption\":\"Academic Families\"},\"image\":{\"@id\":\"https:\\\/\\\/academicfamilies.com\\\/es\\\/#\\\/schema\\\/logo\\\/image\\\/\"},\"sameAs\":[\"https:\\\/\\\/www.facebook.com\\\/academicfamilies\\\/\",\"https:\\\/\\\/x.com\\\/acfamsuk\",\"https:\\\/\\\/www.linkedin.com\\\/company\\\/academic-families\\\/\",\"https:\\\/\\\/www.instagram.com\\\/academicfamilies\\\/\",\"https:\\\/\\\/www.youtube.com\\\/channel\\\/UCfIDTgKcBQbJZV-52RfPJUg\"]}]}<\/script>\n<!-- \/ Yoast SEO Premium plugin. -->","yoast_head_json":{"title":"Admisiones en boarding schools (internados) - Academic Families","description":"\u00bfCu\u00e1l es el mejor internado brit\u00e1nico? El Reino Unido es famoso por su sistema educativo de alta calidad. \u00bfC\u00f3mo decidir cu\u00e1l es el m\u00e1s adecuado para tus hijos?","robots":{"index":"index","follow":"follow","max-snippet":"max-snippet:-1","max-image-preview":"max-image-preview:large","max-video-preview":"max-video-preview:-1"},"canonical":"https:\/\/academicfamilies.com\/es\/admisiones-boarding-schools-internados\/","og_locale":"es_ES","og_type":"article","og_title":"Admisiones en boarding schools (internados)","og_description":"\u00bfCu\u00e1l es el mejor internado brit\u00e1nico? El Reino Unido es famoso por su sistema educativo de alta calidad. \u00bfC\u00f3mo decidir cu\u00e1l es el m\u00e1s adecuado para tus hijos?","og_url":"https:\/\/academicfamilies.com\/es\/admisiones-boarding-schools-internados\/","og_site_name":"Academic Families","article_publisher":"https:\/\/www.facebook.com\/academicfamilies\/","article_modified_time":"2026-02-24T15:32:43+00:00","twitter_card":"summary_large_image","twitter_site":"@acfamsuk","schema":{"@context":"https:\/\/schema.org","@graph":[{"@type":"WebPage","@id":"https:\/\/academicfamilies.com\/es\/admisiones-boarding-schools-internados\/","url":"https:\/\/academicfamilies.com\/es\/admisiones-boarding-schools-internados\/","name":"Admisiones en boarding schools (internados) - Academic Families","isPartOf":{"@id":"https:\/\/academicfamilies.com\/es\/#website"},"datePublished":"2019-06-10T14:51:39+00:00","dateModified":"2026-02-24T15:32:43+00:00","description":"\u00bfCu\u00e1l es el mejor internado brit\u00e1nico? El Reino Unido es famoso por su sistema educativo de alta calidad. \u00bfC\u00f3mo decidir cu\u00e1l es el m\u00e1s adecuado para tus hijos?","breadcrumb":{"@id":"https:\/\/academicfamilies.com\/es\/admisiones-boarding-schools-internados\/#breadcrumb"},"inLanguage":"es","potentialAction":[{"@type":"ReadAction","target":["https:\/\/academicfamilies.com\/es\/admisiones-boarding-schools-internados\/"]}]},{"@type":"BreadcrumbList","@id":"https:\/\/academicfamilies.com\/es\/admisiones-boarding-schools-internados\/#breadcrumb","itemListElement":[{"@type":"ListItem","position":1,"name":"Home","item":"https:\/\/academicfamilies.com\/es\/"},{"@type":"ListItem","position":2,"name":"Admisiones en boarding schools (internados)"}]},{"@type":"WebSite","@id":"https:\/\/academicfamilies.com\/es\/#website","url":"https:\/\/academicfamilies.com\/es\/","name":"Academic Families","description":"UK school admissions and guardianship","publisher":{"@id":"https:\/\/academicfamilies.com\/es\/#organization"},"potentialAction":[{"@type":"SearchAction","target":{"@type":"EntryPoint","urlTemplate":"https:\/\/academicfamilies.com\/es\/?s={search_term_string}"},"query-input":{"@type":"PropertyValueSpecification","valueRequired":true,"valueName":"search_term_string"}}],"inLanguage":"es"},{"@type":"Organization","@id":"https:\/\/academicfamilies.com\/es\/#organization","name":"Academic Families","url":"https:\/\/academicfamilies.com\/es\/","logo":{"@type":"ImageObject","inLanguage":"es","@id":"https:\/\/academicfamilies.com\/es\/#\/schema\/logo\/image\/","url":"https:\/\/academicfamilies.com\/wp-content\/uploads\/AF-Logo-Hi-Res-01.jpg","contentUrl":"https:\/\/academicfamilies.com\/wp-content\/uploads\/AF-Logo-Hi-Res-01.jpg","width":1440,"height":509,"caption":"Academic Families"},"image":{"@id":"https:\/\/academicfamilies.com\/es\/#\/schema\/logo\/image\/"},"sameAs":["https:\/\/www.facebook.com\/academicfamilies\/","https:\/\/x.com\/acfamsuk","https:\/\/www.linkedin.com\/company\/academic-families\/","https:\/\/www.instagram.com\/academicfamilies\/","https:\/\/www.youtube.com\/channel\/UCfIDTgKcBQbJZV-52RfPJUg"]}]}},"_links":{"self":[{"href":"https:\/\/academicfamilies.com\/es\/wp-json\/wp\/v2\/pages\/14778","targetHints":{"allow":["GET"]}}],"collection":[{"href":"https:\/\/academicfamilies.com\/es\/wp-json\/wp\/v2\/pages"}],"about":[{"href":"https:\/\/academicfamilies.com\/es\/wp-json\/wp\/v2\/types\/page"}],"author":[{"embeddable":true,"href":"https:\/\/academicfamilies.com\/es\/wp-json\/wp\/v2\/users\/5"}],"replies":[{"embeddable":true,"href":"https:\/\/academicfamilies.com\/es\/wp-json\/wp\/v2\/comments?post=14778"}],"version-history":[{"count":5,"href":"https:\/\/academicfamilies.com\/es\/wp-json\/wp\/v2\/pages\/14778\/revisions"}],"predecessor-version":[{"id":14854,"href":"https:\/\/academicfamilies.com\/es\/wp-json\/wp\/v2\/pages\/14778\/revisions\/14854"}],"wp:attachment":[{"href":"https:\/\/academicfamilies.com\/es\/wp-json\/wp\/v2\/media?parent=14778"}],"curies":[{"name":"wp","href":"https:\/\/api.w.org\/{rel}","templated":true}]}}